{"id":6022,"date":"2025-07-21T13:05:55","date_gmt":"2025-07-21T16:05:55","guid":{"rendered":"https:\/\/pablovester.com\/?page_id=6022"},"modified":"2025-07-21T13:15:31","modified_gmt":"2025-07-21T16:15:31","slug":"comics","status":"publish","type":"page","link":"https:\/\/pablovester.com\/en\/comics\/","title":{"rendered":"Comics"},"content":{"rendered":"<div data-elementor-type=\"wp-page\" data-elementor-id=\"6022\" class=\"elementor elementor-6022\">\n\t\t\t\t<div class=\"elementor-element elementor-element-5f3c6f7 e-flex e-con-boxed wpr-particle-no wpr-jarallax-no wpr-parallax-no wpr-sticky-section-no wpr-equal-height-no e-con e-parent\" data-id=\"5f3c6f7\" data-element_type=\"container\" data-e-type=\"container\">\n\t\t\t\t\t<div class=\"e-con-inner\">\n\t\t\t\t<div class=\"elementor-element elementor-element-dcdbea2 elementor-widget elementor-widget-text-editor\" data-id=\"dcdbea2\" data-element_type=\"widget\" data-e-type=\"widget\" data-widget_type=\"text-editor.default\">\n\t\t\t\t<div class=\"elementor-widget-container\">\n\t\t\t\t\t\t\t\t\t<p>All my comics and fanzines. You can read them here for free and get updates on any upcoming projects.<\/p>\t\t\t\t\t\t\t\t<\/div>\n\t\t\t\t<\/div>\n\t\t\t\t\t<\/div>\n\t\t\t\t<\/div>\n\t\t<div class=\"elementor-element elementor-element-8d85d92 e-flex e-con-boxed wpr-particle-no wpr-jarallax-no wpr-parallax-no wpr-sticky-section-no wpr-equal-height-no e-con e-parent\" data-id=\"8d85d92\" data-element_type=\"container\" data-e-type=\"container\">\n\t\t\t\t\t<div class=\"e-con-inner\">\n\t\t<div class=\"elementor-element elementor-element-2bbebc5 e-con-full e-flex wpr-particle-no wpr-jarallax-no wpr-parallax-no wpr-sticky-section-no wpr-equal-height-no e-con e-child\" data-id=\"2bbebc5\" data-element_type=\"container\" data-e-type=\"container\">\n\t\t\t\t<div class=\"elementor-element elementor-element-7908fb9 elementor-position-top elementor-widget elementor-widget-image-box\" data-id=\"7908fb9\" data-element_type=\"widget\" data-e-type=\"widget\" data-widget_type=\"image-box.default\">\n\t\t\t\t<div class=\"elementor-widget-container\">\n\t\t\t\t\t<div class=\"elementor-image-box-wrapper\"><figure class=\"elementor-image-box-img\"><a href=\"https:\/\/pablovester.com\/en\/comics\/fanzine-en-la-noche\/\" tabindex=\"-1\"><img fetchpriority=\"high\" decoding=\"async\" width=\"1920\" height=\"2560\" src=\"https:\/\/pablovester.com\/wp-content\/uploads\/2025\/03\/fanzine_pablovester_enlanoche-scaled-2.webp\" class=\"attachment-full size-full wp-image-4477\" alt=\"Fanzine En La Noche por dibujante pablovester\" srcset=\"https:\/\/pablovester.com\/wp-content\/uploads\/2025\/03\/fanzine_pablovester_enlanoche-scaled-2.webp 1920w, https:\/\/pablovester.com\/wp-content\/uploads\/2025\/03\/fanzine_pablovester_enlanoche-scaled-2-1152x1536.webp 1152w, https:\/\/pablovester.com\/wp-content\/uploads\/2025\/03\/fanzine_pablovester_enlanoche-scaled-2-1536x2048.webp 1536w\" sizes=\"(max-width: 1920px) 100vw, 1920px\" \/><\/a><\/figure><div class=\"elementor-image-box-content\"><h2 class=\"elementor-image-box-title\"><a href=\"https:\/\/pablovester.com\/en\/comics\/fanzine-en-la-noche\/\">En La Noche (Into The Night)<\/a><\/h2><p class=\"elementor-image-box-description\">A story about hidden vampires in the dark of night, reflecting upon humanity. It is written in Spanish and it's an autopublished work from 2019.<br> Click here to read it for free.<\/p><\/div><\/div>\t\t\t\t<\/div>\n\t\t\t\t<\/div>\n\t\t\t\t<\/div>\n\t\t<div class=\"elementor-element elementor-element-1e8a1bd e-con-full e-flex wpr-particle-no wpr-jarallax-no wpr-parallax-no wpr-sticky-section-no wpr-equal-height-no e-con e-child\" data-id=\"1e8a1bd\" data-element_type=\"container\" data-e-type=\"container\">\n\t\t\t\t<div class=\"elementor-element elementor-element-3b9e2e0 elementor-position-top elementor-widget elementor-widget-image-box\" data-id=\"3b9e2e0\" data-element_type=\"widget\" data-e-type=\"widget\" data-widget_type=\"image-box.default\">\n\t\t\t\t<div class=\"elementor-widget-container\">\n\t\t\t\t\t<div class=\"elementor-image-box-wrapper\"><figure class=\"elementor-image-box-img\"><a href=\"https:\/\/pablovester.com\/en\/comics\/aguilas\/\" tabindex=\"-1\"><img decoding=\"async\" width=\"1080\" height=\"1350\" src=\"https:\/\/pablovester.com\/wp-content\/uploads\/2025\/07\/revista_ascenso_aguilas_futbol_historieta_pablovester.jpg\" class=\"attachment-full size-full wp-image-5667\" alt=\"Revista Ascenso 2004 con Maxi y Santino de Aguilas en la tapa\" \/><\/a><\/figure><div class=\"elementor-image-box-content\"><h2 class=\"elementor-image-box-title\"><a href=\"https:\/\/pablovester.com\/en\/comics\/aguilas\/\">\u00c1guilas F\u00fatbol Club<\/a><\/h2><p class=\"elementor-image-box-description\">A work in progress, a self contained comic book about an argentinian football team from lower divisions. <br>Project for 2025. Click here to see what it's all about.<\/p><\/div><\/div>\t\t\t\t<\/div>\n\t\t\t\t<\/div>\n\t\t\t\t<\/div>\n\t\t\t\t\t<\/div>\n\t\t\t\t<\/div>\n\t\t\t\t<\/div>","protected":false},"excerpt":{"rendered":"<p>Todos mis proyectos de comics, historieta, comiquitas. Ac\u00e1 vas a poder leerlos gratis y enterarte de todas las novedades de mis trabajos. &#8220;En La Noche&#8221; Uno de los fanzine de mi autor\u00eda, una historia sobre vampiros ocultos en la noche reflexionando sobre la humanidad. Autopublicado en 2019. Hace click para leerlo gratis. &#8220;\u00c1guilas F\u00fatbol Club&#8221; Un trabajo en progreso, un tomo autoconclusivo de un equipo de f\u00fatbol del ascenso argentino. Proyecto 2025. Hace click para ver m\u00e1s.<\/p>","protected":false},"author":1,"featured_media":0,"parent":0,"menu_order":0,"comment_status":"closed","ping_status":"closed","template":"","meta":{"footnotes":""},"class_list":["post-6022","page","type-page","status-publish","hentry"],"_links":{"self":[{"href":"https:\/\/pablovester.com\/en\/wp-json\/wp\/v2\/pages\/6022","targetHints":{"allow":["GET"]}}],"collection":[{"href":"https:\/\/pablovester.com\/en\/wp-json\/wp\/v2\/pages"}],"about":[{"href":"https:\/\/pablovester.com\/en\/wp-json\/wp\/v2\/types\/page"}],"author":[{"embeddable":true,"href":"https:\/\/pablovester.com\/en\/wp-json\/wp\/v2\/users\/1"}],"replies":[{"embeddable":true,"href":"https:\/\/pablovester.com\/en\/wp-json\/wp\/v2\/comments?post=6022"}],"version-history":[{"count":23,"href":"https:\/\/pablovester.com\/en\/wp-json\/wp\/v2\/pages\/6022\/revisions"}],"predecessor-version":[{"id":6047,"href":"https:\/\/pablovester.com\/en\/wp-json\/wp\/v2\/pages\/6022\/revisions\/6047"}],"wp:attachment":[{"href":"https:\/\/pablovester.com\/en\/wp-json\/wp\/v2\/media?parent=6022"}],"curies":[{"name":"wp","href":"https:\/\/api.w.org\/{rel}","templated":true}]}}