{"id":4253,"date":"2025-03-19T22:33:42","date_gmt":"2025-03-19T22:33:42","guid":{"rendered":"https:\/\/pablovester.com\/?page_id=4253"},"modified":"2025-08-04T12:46:35","modified_gmt":"2025-08-04T15:46:35","slug":"dibujos","status":"publish","type":"page","link":"https:\/\/pablovester.com\/en\/dibujos\/","title":{"rendered":"All my illustrations"},"content":{"rendered":"<p class=\"attachment\"><a href='https:\/\/pablovester.com\/wp-content\/uploads\/2024\/03\/pokemon_watercolor_sugimori_pablovester_portrait_team.webp'><img fetchpriority=\"high\" decoding=\"async\" width=\"300\" height=\"300\" src=\"https:\/\/pablovester.com\/wp-content\/uploads\/2024\/03\/pokemon_watercolor_sugimori_pablovester_portrait_team-300x300.webp\" class=\"attachment-medium size-medium\" alt=\"Comision dibujos Pokemon en acuarelas por dibujante pablovester\" srcset=\"https:\/\/pablovester.com\/wp-content\/uploads\/2024\/03\/pokemon_watercolor_sugimori_pablovester_portrait_team-300x300.webp 300w, https:\/\/pablovester.com\/wp-content\/uploads\/2024\/03\/pokemon_watercolor_sugimori_pablovester_portrait_team-1024x1024.webp 1024w, https:\/\/pablovester.com\/wp-content\/uploads\/2024\/03\/pokemon_watercolor_sugimori_pablovester_portrait_team-150x150.webp 150w, https:\/\/pablovester.com\/wp-content\/uploads\/2024\/03\/pokemon_watercolor_sugimori_pablovester_portrait_team-768x768.webp 768w\" sizes=\"(max-width: 300px) 100vw, 300px\" \/><\/a><\/p>\n\t\t<div data-elementor-type=\"wp-page\" data-elementor-id=\"4253\" class=\"elementor elementor-4253\">\n\t\t\t\t<div class=\"elementor-element elementor-element-ca3674b e-con-full e-flex wpr-particle-no wpr-jarallax-no wpr-parallax-no wpr-sticky-section-no wpr-equal-height-no e-con e-parent\" data-id=\"ca3674b\" data-element_type=\"container\" data-e-type=\"container\">\n\t\t\t\t<div class=\"elementor-element elementor-element-817ea76 elementor-widget elementor-widget-image\" data-id=\"817ea76\" data-element_type=\"widget\" data-e-type=\"widget\" data-widget_type=\"image.default\">\n\t\t\t\t<div class=\"elementor-widget-container\">\n\t\t\t\t\t\t\t\t\t\t\t\t\t\t\t<img decoding=\"async\" width=\"1500\" height=\"200\" src=\"https:\/\/pablovester.com\/wp-content\/uploads\/2025\/03\/transparent-brush-purple-pablovester-watercolor-2.png\" class=\"attachment-full size-full wp-image-4293\" alt=\"\" \/>\t\t\t\t\t\t\t\t\t\t\t\t\t\t\t<\/div>\n\t\t\t\t<\/div>\n\t\t\t\t<\/div>\n\t\t<div class=\"elementor-element elementor-element-d2e97ae e-flex e-con-boxed wpr-particle-no wpr-jarallax-no wpr-parallax-no wpr-sticky-section-no wpr-equal-height-no e-con e-parent\" data-id=\"d2e97ae\" data-element_type=\"container\" data-e-type=\"container\" data-settings=\"{&quot;background_background&quot;:&quot;classic&quot;}\">\n\t\t\t\t\t<div class=\"e-con-inner\">\n\t\t\t\t<div class=\"elementor-element elementor-element-0ca698c elementor-hidden-desktop elementor-hidden-tablet elementor-hidden-mobile elementor-widget elementor-widget-image\" data-id=\"0ca698c\" data-element_type=\"widget\" data-e-type=\"widget\" data-widget_type=\"image.default\">\n\t\t\t\t<div class=\"elementor-widget-container\">\n\t\t\t\t\t\t\t\t\t\t\t\t\t\t\t<img decoding=\"async\" width=\"300\" height=\"300\" src=\"https:\/\/pablovester.com\/wp-content\/uploads\/2023\/07\/totoro_landscape_pablovester-300x300.webp\" class=\"attachment-medium size-medium wp-image-1841\" alt=\"Uno de mis dibujos: un estudio en acuarelas de la pelicula Mi Vecino Totoro por el dibujante pablovester\" srcset=\"https:\/\/pablovester.com\/wp-content\/uploads\/2023\/07\/totoro_landscape_pablovester-300x300.webp 300w, https:\/\/pablovester.com\/wp-content\/uploads\/2023\/07\/totoro_landscape_pablovester-1024x1024.webp 1024w, https:\/\/pablovester.com\/wp-content\/uploads\/2023\/07\/totoro_landscape_pablovester-150x150.webp 150w, https:\/\/pablovester.com\/wp-content\/uploads\/2023\/07\/totoro_landscape_pablovester-768x768.webp 768w, https:\/\/pablovester.com\/wp-content\/uploads\/2023\/07\/totoro_landscape_pablovester.webp 1080w\" sizes=\"(max-width: 300px) 100vw, 300px\" \/>\t\t\t\t\t\t\t\t\t\t\t\t\t\t\t<\/div>\n\t\t\t\t<\/div>\n\t\t\t\t<div class=\"elementor-element elementor-element-c1c37c6 elementor-hidden-desktop elementor-hidden-tablet elementor-hidden-mobile elementor-widget elementor-widget-heading\" data-id=\"c1c37c6\" data-element_type=\"widget\" data-e-type=\"widget\" data-widget_type=\"heading.default\">\n\t\t\t\t<div class=\"elementor-widget-container\">\n\t\t\t\t\t<h2 class=\"elementor-heading-title elementor-size-default\">dibujos en acuarelas de pablovester<\/h2>\t\t\t\t<\/div>\n\t\t\t\t<\/div>\n\t\t\t\t<div class=\"elementor-element elementor-element-955bc42 elementor-widget elementor-widget-text-editor\" data-id=\"955bc42\" data-element_type=\"widget\" data-e-type=\"widget\" data-widget_type=\"text-editor.default\">\n\t\t\t\t<div class=\"elementor-widget-container\">\n\t\t\t\t\t\t\t\t\t<p>Ac\u00e1 vas a encontrar todos mis dibujos, incluso los que no llegan a redes sociales.<\/p>\t\t\t\t\t\t\t\t<\/div>\n\t\t\t\t<\/div>\n\t\t\t\t<div class=\"elementor-element elementor-element-1850143 elementor-widget elementor-widget-text-editor\" data-id=\"1850143\" data-element_type=\"widget\" data-e-type=\"widget\" data-widget_type=\"text-editor.default\">\n\t\t\t\t<div class=\"elementor-widget-container\">\n\t\t\t\t\t\t\t\t\t<p>Clicke\u00e1 en cada etiqueta para filtrar las ilustraciones.<\/p>\t\t\t\t\t\t\t\t<\/div>\n\t\t\t\t<\/div>\n\t\t\t\t\t<\/div>\n\t\t\t\t<\/div>\n\t\t<div class=\"elementor-element elementor-element-5aa0fda e-con-full e-flex wpr-particle-no wpr-jarallax-no wpr-parallax-no wpr-sticky-section-no wpr-equal-height-no e-con e-parent\" data-id=\"5aa0fda\" data-element_type=\"container\" data-e-type=\"container\">\n\t\t\t\t<div class=\"elementor-element elementor-element-59c1ecf e-transform elementor-widget elementor-widget-image\" data-id=\"59c1ecf\" data-element_type=\"widget\" data-e-type=\"widget\" data-settings=\"{&quot;_transform_rotateZ_effect&quot;:{&quot;unit&quot;:&quot;px&quot;,&quot;size&quot;:180,&quot;sizes&quot;:[]},&quot;_transform_rotateZ_effect_tablet&quot;:{&quot;unit&quot;:&quot;deg&quot;,&quot;size&quot;:&quot;&quot;,&quot;sizes&quot;:[]},&quot;_transform_rotateZ_effect_mobile&quot;:{&quot;unit&quot;:&quot;deg&quot;,&quot;size&quot;:&quot;&quot;,&quot;sizes&quot;:[]}}\" data-widget_type=\"image.default\">\n\t\t\t\t<div class=\"elementor-widget-container\">\n\t\t\t\t\t\t\t\t\t\t\t\t\t\t\t<img loading=\"lazy\" decoding=\"async\" width=\"1500\" height=\"200\" src=\"https:\/\/pablovester.com\/wp-content\/uploads\/2025\/03\/transparent-brush-purple-pablovester-watercolor-bottom.png\" class=\"attachment-full size-full wp-image-4294\" alt=\"\" \/>\t\t\t\t\t\t\t\t\t\t\t\t\t\t\t<\/div>\n\t\t\t\t<\/div>\n\t\t\t\t<\/div>\n\t\t<div class=\"elementor-element elementor-element-8672d47 e-flex e-con-boxed wpr-particle-no wpr-jarallax-no wpr-parallax-no wpr-sticky-section-no wpr-equal-height-no e-con e-parent\" data-id=\"8672d47\" data-element_type=\"container\" data-e-type=\"container\">\n\t\t\t\t\t<div class=\"e-con-inner\">\n\t\t\t\t<div class=\"elementor-element elementor-element-b3e9aa9 wpr-grid-columns-4 wpr-grid-columns--tablet3 wpr-grid-columns--mobile1 wpr-grid-pagination-center elementor-widget elementor-widget-wpr-media-grid\" data-id=\"b3e9aa9\" data-element_type=\"widget\" data-e-type=\"widget\" data-widget_type=\"wpr-media-grid.default\">\n\t\t\t\t<div class=\"elementor-widget-container\">\n\t\t\t\t\t<ul class=\"wpr-grid-filters elementor-clearfix wpr-grid-filters-sep-left\"><li class=\" wpr-pointer-none wpr-pointer-line-fx wpr-pointer-fx-none\"><span data-filter=\"*\" class=\"wpr-active-filter \">todos<\/span><\/li><li class=\" wpr-pointer-none wpr-pointer-line-fx wpr-pointer-fx-none\"><em class=\"wpr-grid-filters-sep\"><\/em><span  data-ajax-filter=[\"attachment_category\",\"comisiones\"] data-filter=\".attachment_category-comisiones\">comisiones<\/span><\/li><li class=\" wpr-pointer-none wpr-pointer-line-fx wpr-pointer-fx-none\"><em class=\"wpr-grid-filters-sep\"><\/em><span  data-ajax-filter=[\"attachment_category\",\"hobby\"] data-filter=\".attachment_category-hobby\">hobby<\/span><\/li><li class=\" wpr-pointer-none wpr-pointer-line-fx wpr-pointer-fx-none\"><em class=\"wpr-grid-filters-sep\"><\/em><span  data-ajax-filter=[\"attachment_category\",\"pokemon\"] data-filter=\".attachment_category-pokemon\">pokemon<\/span><\/li><li class=\" wpr-pointer-none wpr-pointer-line-fx wpr-pointer-fx-none\"><em class=\"wpr-grid-filters-sep\"><\/em><span  data-ajax-filter=[\"attachment_category\",\"productos\"] data-filter=\".attachment_category-productos\">productos<\/span><\/li><\/ul><section class=\"wpr-grid wpr-media-grid elementor-clearfix\" data-settings=\"{&quot;layout&quot;:&quot;fitRows&quot;,&quot;columns_desktop&quot;:4,&quot;gutter_hr&quot;:10,&quot;gutter_hr_mobile&quot;:10,&quot;gutter_hr_mobile_extra&quot;:10,&quot;gutter_hr_tablet&quot;:10,&quot;gutter_hr_tablet_extra&quot;:10,&quot;gutter_hr_laptop&quot;:10,&quot;gutter_hr_widescreen&quot;:10,&quot;gutter_vr&quot;:10,&quot;gutter_vr_mobile&quot;:10,&quot;gutter_vr_mobile_extra&quot;:10,&quot;gutter_vr_tablet&quot;:10,&quot;gutter_vr_tablet_extra&quot;:10,&quot;gutter_vr_laptop&quot;:10,&quot;gutter_vr_widescreen&quot;:10,&quot;animation&quot;:&quot;default&quot;,&quot;animation_duration&quot;:0.3,&quot;animation_delay&quot;:0.1,&quot;deeplinking&quot;:&quot;&quot;,&quot;filters_default_filter&quot;:&quot;&quot;,&quot;filters_linkable&quot;:&quot;&quot;,&quot;filters_count&quot;:&quot;&quot;,&quot;filters_hide_empty&quot;:&quot;&quot;,&quot;filters_animation&quot;:&quot;default&quot;,&quot;filters_animation_duration&quot;:0.3,&quot;filters_animation_delay&quot;:0.1,&quot;pagination_type&quot;:&quot;load-more&quot;,&quot;pagination_max_pages&quot;:9,&quot;lightbox&quot;:{&quot;selector&quot;:&quot;.wpr-grid-image-wrap&quot;,&quot;iframeMaxWidth&quot;:&quot;60%&quot;,&quot;hash&quot;:false,&quot;autoplay&quot;:&quot;&quot;,&quot;pause&quot;:5000,&quot;progressBar&quot;:&quot;true&quot;,&quot;counter&quot;:&quot;&quot;,&quot;controls&quot;:&quot;true&quot;,&quot;getCaptionFromTitleOrAlt&quot;:&quot;true&quot;,&quot;thumbnail&quot;:&quot;&quot;,&quot;showThumbByDefault&quot;:&quot;&quot;,&quot;share&quot;:&quot;&quot;,&quot;zoom&quot;:&quot;true&quot;,&quot;fullScreen&quot;:&quot;true&quot;,&quot;download&quot;:&quot;&quot;}}\"><article class=\"wpr-grid-item elementor-clearfix post-6171 attachment type-attachment status-inherit hentry attachment_category-hobby\"><div class=\"wpr-grid-item-inner\"><div class=\"wpr-grid-media-wrap wpr-effect-size-small \"><div class=\"wpr-grid-image-wrap\" data-src=\"https:\/\/pablovester.com\/wp-content\/uploads\/2025\/08\/sergio_aguilas_comic_pablovester.jpg\"><img decoding=\"async\" src=\"https:\/\/pablovester.com\/wp-content\/uploads\/2025\/08\/sergio_aguilas_comic_pablovester-768x768.jpg\" alt=\"Dibujo de Sergio Da Costa, delantero estrella de \u00c1guilas. Lineas en tradicional y color digital.\" class=\"wpr-anim-timing-ease-default\"><\/div><div class=\"wpr-grid-media-hover wpr-animation-wrap\"><div class=\"wpr-grid-media-hover-bg  wpr-overlay-fade-in wpr-anim-size-large wpr-anim-timing-ease-default wpr-anim-transparency\" data-url=\"https:\/\/pablovester.com\/en\/sergio_aguilas_comic_pablovester\/\"><\/div><div class=\"wpr-cv-container\"><div class=\"wpr-cv-outer\"><div class=\"wpr-cv-inner\"><div class=\"wpr-grid-media-hover-middle elementor-clearfix\"><div class=\"wpr-grid-item-lightbox elementor-repeater-item-5d7b2b2 wpr-grid-item-display-block wpr-grid-item-align-center wpr-element-fade-in wpr-anim-size-large wpr-anim-timing-ease-default wpr-anim-transparency\"><div class=\"inner-block\"><span data-src=\"https:\/\/pablovester.com\/wp-content\/uploads\/2025\/08\/sergio_aguilas_comic_pablovester.jpg\"><i class=\"fas fa-search\"><\/i><\/span><div class=\"wpr-grid-lightbox-overlay\"><\/div><\/div><\/div><\/div><\/div><\/div><\/div><\/div><\/div><\/div><\/article><article class=\"wpr-grid-item elementor-clearfix post-5667 attachment type-attachment status-inherit hentry attachment_category-hobby\"><div class=\"wpr-grid-item-inner\"><div class=\"wpr-grid-media-wrap wpr-effect-size-small \"><div class=\"wpr-grid-image-wrap\" data-src=\"https:\/\/pablovester.com\/wp-content\/uploads\/2025\/07\/revista_ascenso_aguilas_futbol_historieta_pablovester.jpg\"><img decoding=\"async\" src=\"https:\/\/pablovester.com\/wp-content\/uploads\/2025\/07\/revista_ascenso_aguilas_futbol_historieta_pablovester-768x768.jpg\" alt=\"Revista Ascenso 2004 con Maxi y Santino de Aguilas en la tapa. Es la semana previa al partido de vuelta con Deportivo Muro.\" class=\"wpr-anim-timing-ease-default\"><\/div><div class=\"wpr-grid-media-hover wpr-animation-wrap\"><div class=\"wpr-grid-media-hover-bg  wpr-overlay-fade-in wpr-anim-size-large wpr-anim-timing-ease-default wpr-anim-transparency\" data-url=\"https:\/\/pablovester.com\/en\/comics\/aguilas\/revista_ascenso_aguilas_futbol_historieta_pablovester\/\"><\/div><div class=\"wpr-cv-container\"><div class=\"wpr-cv-outer\"><div class=\"wpr-cv-inner\"><div class=\"wpr-grid-media-hover-middle elementor-clearfix\"><div class=\"wpr-grid-item-lightbox elementor-repeater-item-5d7b2b2 wpr-grid-item-display-block wpr-grid-item-align-center wpr-element-fade-in wpr-anim-size-large wpr-anim-timing-ease-default wpr-anim-transparency\"><div class=\"inner-block\"><span data-src=\"https:\/\/pablovester.com\/wp-content\/uploads\/2025\/07\/revista_ascenso_aguilas_futbol_historieta_pablovester.jpg\"><i class=\"fas fa-search\"><\/i><\/span><div class=\"wpr-grid-lightbox-overlay\"><\/div><\/div><\/div><\/div><\/div><\/div><\/div><\/div><\/div><\/div><\/article><article class=\"wpr-grid-item elementor-clearfix post-5616 attachment type-attachment status-inherit hentry attachment_category-hobby\"><div class=\"wpr-grid-item-inner\"><div class=\"wpr-grid-media-wrap wpr-effect-size-small \"><div class=\"wpr-grid-image-wrap\" data-src=\"https:\/\/pablovester.com\/wp-content\/uploads\/2025\/07\/aguilas_futbol_pablovester_foto_historieta.jpg\"><img decoding=\"async\" src=\"https:\/\/pablovester.com\/wp-content\/uploads\/2025\/07\/aguilas_futbol_pablovester_foto_historieta-768x768.jpg\" alt=\"Foto de Santi y Maxi, los jugadores de Aguilas F\u00fatbol Club, en el a\u00f1o 2003 en un colectivo\" class=\"wpr-anim-timing-ease-default\"><\/div><div class=\"wpr-grid-media-hover wpr-animation-wrap\"><div class=\"wpr-grid-media-hover-bg  wpr-overlay-fade-in wpr-anim-size-large wpr-anim-timing-ease-default wpr-anim-transparency\" data-url=\"https:\/\/pablovester.com\/en\/comics\/aguilas\/aguilas_futbol_pablovester_foto_historieta\/\"><\/div><div class=\"wpr-cv-container\"><div class=\"wpr-cv-outer\"><div class=\"wpr-cv-inner\"><div class=\"wpr-grid-media-hover-middle elementor-clearfix\"><div class=\"wpr-grid-item-lightbox elementor-repeater-item-5d7b2b2 wpr-grid-item-display-block wpr-grid-item-align-center wpr-element-fade-in wpr-anim-size-large wpr-anim-timing-ease-default wpr-anim-transparency\"><div class=\"inner-block\"><span data-src=\"https:\/\/pablovester.com\/wp-content\/uploads\/2025\/07\/aguilas_futbol_pablovester_foto_historieta.jpg\"><i class=\"fas fa-search\"><\/i><\/span><div class=\"wpr-grid-lightbox-overlay\"><\/div><\/div><\/div><\/div><\/div><\/div><\/div><\/div><\/div><\/div><\/article><article class=\"wpr-grid-item elementor-clearfix post-5088 attachment type-attachment status-inherit hentry attachment_category-hobby\"><div class=\"wpr-grid-item-inner\"><div class=\"wpr-grid-media-wrap wpr-effect-size-small \"><div class=\"wpr-grid-image-wrap\" data-src=\"https:\/\/pablovester.com\/wp-content\/uploads\/2025\/04\/klara_vera_graphic_novel_pablovester_novela_grafica_sketch.jpg\"><img decoding=\"async\" src=\"https:\/\/pablovester.com\/wp-content\/uploads\/2025\/04\/klara_vera_graphic_novel_pablovester_novela_grafica_sketch-768x768.jpg\" alt=\"Boceto en l\u00e1pices por pablovester de los personajes Klara y Vera\" class=\"wpr-anim-timing-ease-default\"><\/div><div class=\"wpr-grid-media-hover wpr-animation-wrap\"><div class=\"wpr-grid-media-hover-bg  wpr-overlay-fade-in wpr-anim-size-large wpr-anim-timing-ease-default wpr-anim-transparency\" data-url=\"https:\/\/pablovester.com\/en\/klara_vera_graphic_novel_pablovester_novela_grafica_sketch\/\"><\/div><div class=\"wpr-cv-container\"><div class=\"wpr-cv-outer\"><div class=\"wpr-cv-inner\"><div class=\"wpr-grid-media-hover-middle elementor-clearfix\"><div class=\"wpr-grid-item-lightbox elementor-repeater-item-5d7b2b2 wpr-grid-item-display-block wpr-grid-item-align-center wpr-element-fade-in wpr-anim-size-large wpr-anim-timing-ease-default wpr-anim-transparency\"><div class=\"inner-block\"><span data-src=\"https:\/\/pablovester.com\/wp-content\/uploads\/2025\/04\/klara_vera_graphic_novel_pablovester_novela_grafica_sketch.jpg\"><i class=\"fas fa-search\"><\/i><\/span><div class=\"wpr-grid-lightbox-overlay\"><\/div><\/div><\/div><\/div><\/div><\/div><\/div><\/div><\/div><\/div><\/article><article class=\"wpr-grid-item elementor-clearfix post-5087 attachment type-attachment status-inherit hentry attachment_category-hobby\"><div class=\"wpr-grid-item-inner\"><div class=\"wpr-grid-media-wrap wpr-effect-size-small \"><div class=\"wpr-grid-image-wrap\" data-src=\"https:\/\/pablovester.com\/wp-content\/uploads\/2025\/04\/fering_watercolor_knight_illustration_graphic_novel_pablovester.jpg\"><img decoding=\"async\" src=\"https:\/\/pablovester.com\/wp-content\/uploads\/2025\/04\/fering_watercolor_knight_illustration_graphic_novel_pablovester-768x768.jpg\" alt=\"Dibujo de Fering, un personaje de mi novela gr\u00e1fica\" class=\"wpr-anim-timing-ease-default\"><\/div><div class=\"wpr-grid-media-hover wpr-animation-wrap\"><div class=\"wpr-grid-media-hover-bg  wpr-overlay-fade-in wpr-anim-size-large wpr-anim-timing-ease-default wpr-anim-transparency\" data-url=\"https:\/\/pablovester.com\/en\/fering_watercolor_knight_illustration_graphic_novel_pablovester\/\"><\/div><div class=\"wpr-cv-container\"><div class=\"wpr-cv-outer\"><div class=\"wpr-cv-inner\"><div class=\"wpr-grid-media-hover-middle elementor-clearfix\"><div class=\"wpr-grid-item-lightbox elementor-repeater-item-5d7b2b2 wpr-grid-item-display-block wpr-grid-item-align-center wpr-element-fade-in wpr-anim-size-large wpr-anim-timing-ease-default wpr-anim-transparency\"><div class=\"inner-block\"><span data-src=\"https:\/\/pablovester.com\/wp-content\/uploads\/2025\/04\/fering_watercolor_knight_illustration_graphic_novel_pablovester.jpg\"><i class=\"fas fa-search\"><\/i><\/span><div class=\"wpr-grid-lightbox-overlay\"><\/div><\/div><\/div><\/div><\/div><\/div><\/div><\/div><\/div><\/div><\/article><article class=\"wpr-grid-item elementor-clearfix post-5052 attachment type-attachment status-inherit hentry attachment_category-comisiones attachment_category-pokemon\"><div class=\"wpr-grid-item-inner\"><div class=\"wpr-grid-media-wrap wpr-effect-size-small \"><div class=\"wpr-grid-image-wrap\" data-src=\"https:\/\/pablovester.com\/wp-content\/uploads\/2025\/04\/pablovester_pokemon_sugimori_acuarelas_dibujo_abr2025.jpg\"><img decoding=\"async\" src=\"https:\/\/pablovester.com\/wp-content\/uploads\/2025\/04\/pablovester_pokemon_sugimori_acuarelas_dibujo_abr2025-768x768.jpg\" alt=\"Dibujo de entrenador Pokemon a pedido en acuarelas\" class=\"wpr-anim-timing-ease-default\"><\/div><div class=\"wpr-grid-media-hover wpr-animation-wrap\"><div class=\"wpr-grid-media-hover-bg  wpr-overlay-fade-in wpr-anim-size-large wpr-anim-timing-ease-default wpr-anim-transparency\" data-url=\"https:\/\/pablovester.com\/en\/pablovester_pokemon_sugimori_acuarelas_dibujo_abr2025\/\"><\/div><div class=\"wpr-cv-container\"><div class=\"wpr-cv-outer\"><div class=\"wpr-cv-inner\"><div class=\"wpr-grid-media-hover-middle elementor-clearfix\"><div class=\"wpr-grid-item-lightbox elementor-repeater-item-5d7b2b2 wpr-grid-item-display-block wpr-grid-item-align-center wpr-element-fade-in wpr-anim-size-large wpr-anim-timing-ease-default wpr-anim-transparency\"><div class=\"inner-block\"><span data-src=\"https:\/\/pablovester.com\/wp-content\/uploads\/2025\/04\/pablovester_pokemon_sugimori_acuarelas_dibujo_abr2025.jpg\"><i class=\"fas fa-search\"><\/i><\/span><div class=\"wpr-grid-lightbox-overlay\"><\/div><\/div><\/div><\/div><\/div><\/div><\/div><\/div><\/div><\/div><\/article><article class=\"wpr-grid-item elementor-clearfix post-4672 attachment type-attachment status-inherit hentry attachment_category-productos\"><div class=\"wpr-grid-item-inner\"><div class=\"wpr-grid-media-wrap wpr-effect-size-small \"><div class=\"wpr-grid-image-wrap\" data-src=\"https:\/\/pablovester.com\/wp-content\/uploads\/2025\/03\/pablovester_stickers_argentinos_mar2025.jpg\"><img decoding=\"async\" src=\"https:\/\/pablovester.com\/wp-content\/uploads\/2025\/03\/pablovester_stickers_argentinos_mar2025-768x768.jpg\" alt=\"Stickers argentinos creados en marzo 2025\" class=\"wpr-anim-timing-ease-default\"><\/div><div class=\"wpr-grid-media-hover wpr-animation-wrap\"><div class=\"wpr-grid-media-hover-bg  wpr-overlay-fade-in wpr-anim-size-large wpr-anim-timing-ease-default wpr-anim-transparency\" data-url=\"https:\/\/pablovester.com\/en\/2025\/03\/25\/el-detras-de-escena-de-mis-stickers-argentinos\/pablovester_stickers_argentinos_mar2025\/\"><\/div><div class=\"wpr-cv-container\"><div class=\"wpr-cv-outer\"><div class=\"wpr-cv-inner\"><div class=\"wpr-grid-media-hover-middle elementor-clearfix\"><div class=\"wpr-grid-item-lightbox elementor-repeater-item-5d7b2b2 wpr-grid-item-display-block wpr-grid-item-align-center wpr-element-fade-in wpr-anim-size-large wpr-anim-timing-ease-default wpr-anim-transparency\"><div class=\"inner-block\"><span data-src=\"https:\/\/pablovester.com\/wp-content\/uploads\/2025\/03\/pablovester_stickers_argentinos_mar2025.jpg\"><i class=\"fas fa-search\"><\/i><\/span><div class=\"wpr-grid-lightbox-overlay\"><\/div><\/div><\/div><\/div><\/div><\/div><\/div><\/div><\/div><\/div><\/article><article class=\"wpr-grid-item elementor-clearfix post-3181 attachment type-attachment status-inherit hentry attachment_category-comisiones attachment_category-pokemon\"><div class=\"wpr-grid-item-inner\"><div class=\"wpr-grid-media-wrap wpr-effect-size-small \"><div class=\"wpr-grid-image-wrap\" data-src=\"https:\/\/pablovester.com\/wp-content\/uploads\/2024\/03\/pokemon_watercolor_sugimori_pablovester_portrait_team.webp\"><img decoding=\"async\" src=\"https:\/\/pablovester.com\/wp-content\/uploads\/2024\/03\/pokemon_watercolor_sugimori_pablovester_portrait_team-768x768.webp\" alt=\"Comision de equipo Pokemon con su entrenador\" class=\"wpr-anim-timing-ease-default\"><\/div><div class=\"wpr-grid-media-hover wpr-animation-wrap\"><div class=\"wpr-grid-media-hover-bg  wpr-overlay-fade-in wpr-anim-size-large wpr-anim-timing-ease-default wpr-anim-transparency\" data-url=\"https:\/\/pablovester.com\/en\/pokemon_watercolor_sugimori_pablovester_portrait_team\/\"><\/div><div class=\"wpr-cv-container\"><div class=\"wpr-cv-outer\"><div class=\"wpr-cv-inner\"><div class=\"wpr-grid-media-hover-middle elementor-clearfix\"><div class=\"wpr-grid-item-lightbox elementor-repeater-item-5d7b2b2 wpr-grid-item-display-block wpr-grid-item-align-center wpr-element-fade-in wpr-anim-size-large wpr-anim-timing-ease-default wpr-anim-transparency\"><div class=\"inner-block\"><span data-src=\"https:\/\/pablovester.com\/wp-content\/uploads\/2024\/03\/pokemon_watercolor_sugimori_pablovester_portrait_team.webp\"><i class=\"fas fa-search\"><\/i><\/span><div class=\"wpr-grid-lightbox-overlay\"><\/div><\/div><\/div><\/div><\/div><\/div><\/div><\/div><\/div><\/div><\/article><\/section><div class=\"wpr-grid-pagination elementor-clearfix wpr-grid-pagination-load-more\"><a href=\"https:\/\/pablovester.com\/en\/wp-json\/wp\/v2\/pages\/4253\/page\/2\/\" class=\"wpr-load-more-btn\" data-e-disable-page-transition>cargar m\u00e1s<\/a><div class=\"wpr-pagination-loading\"><div class=\"wpr-double-bounce\"><div class=\"wpr-child wpr-double-bounce1\"><\/div><div class=\"wpr-child wpr-double-bounce2\"><\/div><\/div><\/div><p class=\"wpr-pagination-finish\">no hay m\u00e1s dibujos!<\/p><\/div>\t\t\t\t<\/div>\n\t\t\t\t<\/div>\n\t\t\t\t\t<\/div>\n\t\t\t\t<\/div>\n\t\t\t\t<\/div>\n\t\t","protected":false},"excerpt":{"rendered":"<p>dibujos en acuarelas de pablovester Ac\u00e1 vas a encontrar todos mis dibujos, incluso los que no llegan a redes sociales. Clicke\u00e1 en cada etiqueta para filtrar las ilustraciones. todos comisiones hobby pokemon productos cargar m\u00e1s no hay m\u00e1s dibujos!<\/p>","protected":false},"author":1,"featured_media":0,"parent":0,"menu_order":0,"comment_status":"closed","ping_status":"closed","template":"","meta":{"footnotes":""},"class_list":["post-4253","page","type-page","status-publish","hentry"],"_links":{"self":[{"href":"https:\/\/pablovester.com\/en\/wp-json\/wp\/v2\/pages\/4253","targetHints":{"allow":["GET"]}}],"collection":[{"href":"https:\/\/pablovester.com\/en\/wp-json\/wp\/v2\/pages"}],"about":[{"href":"https:\/\/pablovester.com\/en\/wp-json\/wp\/v2\/types\/page"}],"author":[{"embeddable":true,"href":"https:\/\/pablovester.com\/en\/wp-json\/wp\/v2\/users\/1"}],"replies":[{"embeddable":true,"href":"https:\/\/pablovester.com\/en\/wp-json\/wp\/v2\/comments?post=4253"}],"version-history":[{"count":234,"href":"https:\/\/pablovester.com\/en\/wp-json\/wp\/v2\/pages\/4253\/revisions"}],"predecessor-version":[{"id":6177,"href":"https:\/\/pablovester.com\/en\/wp-json\/wp\/v2\/pages\/4253\/revisions\/6177"}],"wp:attachment":[{"href":"https:\/\/pablovester.com\/en\/wp-json\/wp\/v2\/media?parent=4253"}],"curies":[{"name":"wp","href":"https:\/\/api.w.org\/{rel}","templated":true}]}}